{"id":139,"date":"2022-03-05T20:12:53","date_gmt":"2022-03-05T23:12:53","guid":{"rendered":"https:\/\/junqueiraodontologia.com.br\/home\/?page_id=139"},"modified":"2025-07-03T12:58:16","modified_gmt":"2025-07-03T15:58:16","slug":"sobre","status":"publish","type":"page","link":"https:\/\/junqueiraodontologia.com.br\/home\/sobre\/","title":{"rendered":"Sobre"},"content":{"rendered":"\t\t<div data-elementor-type=\"wp-page\" data-elementor-id=\"139\" class=\"elementor elementor-139\" data-elementor-post-type=\"page\">\n\t\t\t\t\t\t<section class=\"elementor-section elementor-top-section elementor-element elementor-element-1db68f6 elementor-section-boxed elementor-section-height-default elementor-section-height-default\" data-id=\"1db68f6\" data-element_type=\"section\">\n\t\t\t\t\t\t<div class=\"elementor-container elementor-column-gap-default\">\n\t\t\t\t\t<div class=\"elementor-column elementor-col-50 elementor-top-column elementor-element elementor-element-08e9e0d\" data-id=\"08e9e0d\" data-element_type=\"column\">\n\t\t\t<div class=\"elementor-widget-wrap elementor-element-populated\">\n\t\t\t\t\t\t<div class=\"elementor-element elementor-element-f0ac266 elementor-widget elementor-widget-image\" data-id=\"f0ac266\" data-element_type=\"widget\" data-widget_type=\"image.default\">\n\t\t\t\t<div class=\"elementor-widget-container\">\n\t\t\t\t\t\t\t\t\t\t\t\t\t\t\t<img fetchpriority=\"high\" decoding=\"async\" width=\"683\" height=\"1024\" src=\"https:\/\/junqueiraodontologia.com.br\/home\/wp-content\/uploads\/2022\/02\/DSC00603-web-683x1024.jpg\" class=\"attachment-large size-large wp-image-357\" alt=\"\" srcset=\"https:\/\/junqueiraodontologia.com.br\/home\/wp-content\/uploads\/2022\/02\/DSC00603-web-683x1024.jpg 683w, https:\/\/junqueiraodontologia.com.br\/home\/wp-content\/uploads\/2022\/02\/DSC00603-web-200x300.jpg 200w, https:\/\/junqueiraodontologia.com.br\/home\/wp-content\/uploads\/2022\/02\/DSC00603-web-768x1152.jpg 768w, https:\/\/junqueiraodontologia.com.br\/home\/wp-content\/uploads\/2022\/02\/DSC00603-web-1024x1536.jpg 1024w, https:\/\/junqueiraodontologia.com.br\/home\/wp-content\/uploads\/2022\/02\/DSC00603-web.jpg 1072w\" sizes=\"(max-width: 683px) 100vw, 683px\" \/>\t\t\t\t\t\t\t\t\t\t\t\t\t\t\t<\/div>\n\t\t\t\t<\/div>\n\t\t\t\t\t<\/div>\n\t\t<\/div>\n\t\t\t\t<div class=\"elementor-column elementor-col-50 elementor-top-column elementor-element elementor-element-a457a0e\" data-id=\"a457a0e\" data-element_type=\"column\">\n\t\t\t<div class=\"elementor-widget-wrap elementor-element-populated\">\n\t\t\t\t\t\t<div class=\"elementor-element elementor-element-4344bd21 elementor-widget elementor-widget-text-editor\" data-id=\"4344bd21\" data-element_type=\"widget\" data-widget_type=\"text-editor.default\">\n\t\t\t\t<div class=\"elementor-widget-container\">\n\t\t\t\t\t\t\t\t\t<h3>&nbsp;Odontologia Humana e Multidisciplinar<\/h3>\n<p>Atendimento na especialidade de&nbsp;Implantodontia, realizando tratamento cl\u00ednico e cir\u00fargico, possui parceiros nas diversas \u00e1reas da odontologia.<\/p>\n<p><span style=\"font-size: 1rem;\">Experi\u00eancia em:<\/span><\/p>\n<ul>\n<li><strong>&nbsp;Implante dental<\/strong><\/li>\n<li><strong>&nbsp;Enxertos \u00f3sseos<\/strong><\/li>\n<li><strong>&nbsp;Enxerto com L-prf<\/strong><\/li>\n<li><strong>&nbsp;Reabilita\u00e7\u00e3o oral (pr\u00f3teses em geral)&nbsp;<\/strong><\/li>\n<li><strong>&nbsp;Cl\u00ednica Geral&nbsp;<\/strong><\/li>\n<\/ul>\n<div><b>&nbsp;<\/b><\/div>\n<p><strong>&nbsp;<\/strong><\/p>\n<p style=\"text-align: center;\"><span data-contrast=\"auto\">Praticante de uma odontologia humanizada priorizando o que o paciente realmente necessita para sua melhor condi\u00e7\u00e3o de higiene e sa\u00fade bucal, que busca a ess\u00eancia da arte de cuidar, atrav\u00e9s do estabelecimento de um s\u00f3lido relacionamento com os pacientes e de uma viv\u00eancia em comum envolvendo o paciente, o profissional de sa\u00fade, a fam\u00edlia e sua comunidade, ao longo do tempo, permitindo a cria\u00e7\u00e3o de la\u00e7os estreitos e duradouros.<\/span><br><span data-ccp-props=\"{\">&nbsp;<\/span><\/p>\n<p style=\"text-align: center;\"><span data-contrast=\"auto\">Atualmente possui parceria nas \u00e1reas de endodontia (tratamento de canal) e ortodontia (aparelho).<\/span><br><span data-ccp-props=\"{\">&nbsp;<\/span><\/p>\n<p style=\"text-align: center;\"><span data-contrast=\"auto\">Aqui voc\u00ea pode realizar o seu tratamento completo sem a necessidade de ir em outro cirurgi\u00e3o dentista, nossos parceiros atendem no pr\u00f3prio consult\u00f3rio.<\/span><span data-ccp-props=\"{\">&nbsp;<\/span><\/p>\t\t\t\t\t\t\t\t<\/div>\n\t\t\t\t<\/div>\n\t\t\t\t\t<\/div>\n\t\t<\/div>\n\t\t\t\t\t<\/div>\n\t\t<\/section>\n\t\t\t\t<section class=\"elementor-section elementor-top-section elementor-element elementor-element-b702339 elementor-section-boxed elementor-section-height-default elementor-section-height-default\" data-id=\"b702339\" data-element_type=\"section\">\n\t\t\t\t\t\t<div class=\"elementor-container elementor-column-gap-default\">\n\t\t\t\t\t<div class=\"elementor-column elementor-col-100 elementor-top-column elementor-element elementor-element-8999a72\" data-id=\"8999a72\" data-element_type=\"column\">\n\t\t\t<div class=\"elementor-widget-wrap elementor-element-populated\">\n\t\t\t\t\t\t<div class=\"elementor-element elementor-element-8cd4c9d elementor-widget elementor-widget-text-editor\" data-id=\"8cd4c9d\" data-element_type=\"widget\" data-widget_type=\"text-editor.default\">\n\t\t\t\t<div class=\"elementor-widget-container\">\n\t\t\t\t\t\t\t\t\t<div style=\"width: 800px;\" class=\"wp-video\"><video class=\"wp-video-shortcode\" id=\"video-139-1\" width=\"800\" height=\"450\" poster=\"http:\/\/junqueiraodontologia.com.br\/home\/wp-content\/uploads\/2025\/06\/fluxo-digital-scaled.jpg\" preload=\"metadata\" controls=\"controls\"><source type=\"video\/mp4\" src=\"http:\/\/junqueiraodontologia.com.br\/home\/wp-content\/uploads\/2025\/06\/oque-e-fluxo-digital.mp4?_=1\" \/><a href=\"http:\/\/junqueiraodontologia.com.br\/home\/wp-content\/uploads\/2025\/06\/oque-e-fluxo-digital.mp4\">http:\/\/junqueiraodontologia.com.br\/home\/wp-content\/uploads\/2025\/06\/oque-e-fluxo-digital.mp4<\/a><\/video><\/div>\t\t\t\t\t\t\t\t<\/div>\n\t\t\t\t<\/div>\n\t\t\t\t\t<\/div>\n\t\t<\/div>\n\t\t\t\t\t<\/div>\n\t\t<\/section>\n\t\t\t\t<section class=\"elementor-section elementor-top-section elementor-element elementor-element-7dce2794 elementor-section-boxed elementor-section-height-default elementor-section-height-default\" data-id=\"7dce2794\" data-element_type=\"section\">\n\t\t\t\t\t\t<div class=\"elementor-container elementor-column-gap-default\">\n\t\t\t\t\t<div class=\"elementor-column elementor-col-100 elementor-top-column elementor-element elementor-element-e809603\" data-id=\"e809603\" data-element_type=\"column\">\n\t\t\t<div class=\"elementor-widget-wrap elementor-element-populated\">\n\t\t\t\t\t\t<div class=\"elementor-element elementor-element-a453cf9 elementor-widget elementor-widget-spacer\" data-id=\"a453cf9\" data-element_type=\"widget\" data-widget_type=\"spacer.default\">\n\t\t\t\t<div class=\"elementor-widget-container\">\n\t\t\t\t\t\t\t<div class=\"elementor-spacer\">\n\t\t\t<div class=\"elementor-spacer-inner\"><\/div>\n\t\t<\/div>\n\t\t\t\t\t\t<\/div>\n\t\t\t\t<\/div>\n\t\t\t\t<div class=\"elementor-element elementor-element-335b0fe elementor-widget elementor-widget-heading\" data-id=\"335b0fe\" data-element_type=\"widget\" data-widget_type=\"heading.default\">\n\t\t\t\t<div class=\"elementor-widget-container\">\n\t\t\t\t\t<h2 class=\"elementor-heading-title elementor-size-default\">Nossa Cl\u00ednica<\/h2>\t\t\t\t<\/div>\n\t\t\t\t<\/div>\n\t\t\t\t<div class=\"elementor-element elementor-element-9996110 elementor-widget elementor-widget-gallery\" data-id=\"9996110\" data-element_type=\"widget\" data-settings=\"{&quot;columns&quot;:3,&quot;lazyload&quot;:&quot;yes&quot;,&quot;gallery_layout&quot;:&quot;grid&quot;,&quot;columns_tablet&quot;:2,&quot;columns_mobile&quot;:1,&quot;gap&quot;:{&quot;unit&quot;:&quot;px&quot;,&quot;size&quot;:10,&quot;sizes&quot;:[]},&quot;gap_tablet&quot;:{&quot;unit&quot;:&quot;px&quot;,&quot;size&quot;:10,&quot;sizes&quot;:[]},&quot;gap_mobile&quot;:{&quot;unit&quot;:&quot;px&quot;,&quot;size&quot;:10,&quot;sizes&quot;:[]},&quot;link_to&quot;:&quot;file&quot;,&quot;aspect_ratio&quot;:&quot;3:2&quot;,&quot;overlay_background&quot;:&quot;yes&quot;,&quot;content_hover_animation&quot;:&quot;fade-in&quot;}\" data-widget_type=\"gallery.default\">\n\t\t\t\t<div class=\"elementor-widget-container\">\n\t\t\t\t\t\t\t<div class=\"elementor-gallery__container\">\n\t\t\t\t\t\t\t<a class=\"e-gallery-item elementor-gallery-item elementor-animated-content\" href=\"https:\/\/junqueiraodontologia.com.br\/home\/wp-content\/uploads\/2025\/06\/DSC00620-2-scaled.jpg\" data-elementor-open-lightbox=\"yes\" data-elementor-lightbox-slideshow=\"9996110\" data-elementor-lightbox-title=\"DSC00620 (2)\" data-e-action-hash=\"#elementor-action%3Aaction%3Dlightbox%26settings%3DeyJpZCI6MzcxLCJ1cmwiOiJodHRwczpcL1wvanVucXVlaXJhb2RvbnRvbG9naWEuY29tLmJyXC9ob21lXC93cC1jb250ZW50XC91cGxvYWRzXC8yMDI1XC8wNlwvRFNDMDA2MjAtMi1zY2FsZWQuanBnIiwic2xpZGVzaG93IjoiOTk5NjExMCJ9\">\n\t\t\t\t\t<div class=\"e-gallery-image elementor-gallery-item__image\" data-thumbnail=\"https:\/\/junqueiraodontologia.com.br\/home\/wp-content\/uploads\/2025\/06\/DSC00620-2-300x200.jpg\" data-width=\"300\" data-height=\"200\" aria-label=\"\" role=\"img\" ><\/div>\n\t\t\t\t\t\t\t\t\t\t\t<div class=\"elementor-gallery-item__overlay\"><\/div>\n\t\t\t\t\t\t\t\t\t\t\t\t\t\t<\/a>\n\t\t\t\t\t\t\t<a class=\"e-gallery-item elementor-gallery-item elementor-animated-content\" href=\"https:\/\/junqueiraodontologia.com.br\/home\/wp-content\/uploads\/2025\/06\/DSC00618-2-scaled.jpg\" data-elementor-open-lightbox=\"yes\" data-elementor-lightbox-slideshow=\"9996110\" data-elementor-lightbox-title=\"DSC00618 (2)\" data-e-action-hash=\"#elementor-action%3Aaction%3Dlightbox%26settings%3DeyJpZCI6MzcwLCJ1cmwiOiJodHRwczpcL1wvanVucXVlaXJhb2RvbnRvbG9naWEuY29tLmJyXC9ob21lXC93cC1jb250ZW50XC91cGxvYWRzXC8yMDI1XC8wNlwvRFNDMDA2MTgtMi1zY2FsZWQuanBnIiwic2xpZGVzaG93IjoiOTk5NjExMCJ9\">\n\t\t\t\t\t<div class=\"e-gallery-image elementor-gallery-item__image\" data-thumbnail=\"https:\/\/junqueiraodontologia.com.br\/home\/wp-content\/uploads\/2025\/06\/DSC00618-2-300x200.jpg\" data-width=\"300\" data-height=\"200\" aria-label=\"\" role=\"img\" ><\/div>\n\t\t\t\t\t\t\t\t\t\t\t<div class=\"elementor-gallery-item__overlay\"><\/div>\n\t\t\t\t\t\t\t\t\t\t\t\t\t\t<\/a>\n\t\t\t\t\t\t\t<a class=\"e-gallery-item elementor-gallery-item elementor-animated-content\" href=\"https:\/\/junqueiraodontologia.com.br\/home\/wp-content\/uploads\/2025\/06\/DSC00615-2-scaled.jpg\" data-elementor-open-lightbox=\"yes\" data-elementor-lightbox-slideshow=\"9996110\" data-elementor-lightbox-title=\"DSC00615 (2)\" data-e-action-hash=\"#elementor-action%3Aaction%3Dlightbox%26settings%3DeyJpZCI6MzY5LCJ1cmwiOiJodHRwczpcL1wvanVucXVlaXJhb2RvbnRvbG9naWEuY29tLmJyXC9ob21lXC93cC1jb250ZW50XC91cGxvYWRzXC8yMDI1XC8wNlwvRFNDMDA2MTUtMi1zY2FsZWQuanBnIiwic2xpZGVzaG93IjoiOTk5NjExMCJ9\">\n\t\t\t\t\t<div class=\"e-gallery-image elementor-gallery-item__image\" data-thumbnail=\"https:\/\/junqueiraodontologia.com.br\/home\/wp-content\/uploads\/2025\/06\/DSC00615-2-300x200.jpg\" data-width=\"300\" data-height=\"200\" aria-label=\"\" role=\"img\" ><\/div>\n\t\t\t\t\t\t\t\t\t\t\t<div class=\"elementor-gallery-item__overlay\"><\/div>\n\t\t\t\t\t\t\t\t\t\t\t\t\t\t<\/a>\n\t\t\t\t\t\t\t<a class=\"e-gallery-item elementor-gallery-item elementor-animated-content\" href=\"https:\/\/junqueiraodontologia.com.br\/home\/wp-content\/uploads\/2025\/06\/DSC00606-2-scaled.jpg\" data-elementor-open-lightbox=\"yes\" data-elementor-lightbox-slideshow=\"9996110\" data-elementor-lightbox-title=\"DSC00606 (2)\" data-e-action-hash=\"#elementor-action%3Aaction%3Dlightbox%26settings%3DeyJpZCI6MzczLCJ1cmwiOiJodHRwczpcL1wvanVucXVlaXJhb2RvbnRvbG9naWEuY29tLmJyXC9ob21lXC93cC1jb250ZW50XC91cGxvYWRzXC8yMDI1XC8wNlwvRFNDMDA2MDYtMi1zY2FsZWQuanBnIiwic2xpZGVzaG93IjoiOTk5NjExMCJ9\">\n\t\t\t\t\t<div class=\"e-gallery-image elementor-gallery-item__image\" data-thumbnail=\"https:\/\/junqueiraodontologia.com.br\/home\/wp-content\/uploads\/2025\/06\/DSC00606-2-300x200.jpg\" data-width=\"300\" data-height=\"200\" aria-label=\"\" role=\"img\" ><\/div>\n\t\t\t\t\t\t\t\t\t\t\t<div class=\"elementor-gallery-item__overlay\"><\/div>\n\t\t\t\t\t\t\t\t\t\t\t\t\t\t<\/a>\n\t\t\t\t\t\t\t<a class=\"e-gallery-item elementor-gallery-item elementor-animated-content\" href=\"https:\/\/junqueiraodontologia.com.br\/home\/wp-content\/uploads\/2022\/03\/2018-01-08.jpg\" data-elementor-open-lightbox=\"yes\" data-elementor-lightbox-slideshow=\"9996110\" data-elementor-lightbox-title=\"2018-01-08\" data-e-action-hash=\"#elementor-action%3Aaction%3Dlightbox%26settings%3DeyJpZCI6MjAxLCJ1cmwiOiJodHRwczpcL1wvanVucXVlaXJhb2RvbnRvbG9naWEuY29tLmJyXC9ob21lXC93cC1jb250ZW50XC91cGxvYWRzXC8yMDIyXC8wM1wvMjAxOC0wMS0wOC5qcGciLCJzbGlkZXNob3ciOiI5OTk2MTEwIn0%3D\">\n\t\t\t\t\t<div class=\"e-gallery-image elementor-gallery-item__image\" data-thumbnail=\"https:\/\/junqueiraodontologia.com.br\/home\/wp-content\/uploads\/2022\/03\/2018-01-08-300x225.jpg\" data-width=\"300\" data-height=\"225\" aria-label=\"\" role=\"img\" ><\/div>\n\t\t\t\t\t\t\t\t\t\t\t<div class=\"elementor-gallery-item__overlay\"><\/div>\n\t\t\t\t\t\t\t\t\t\t\t\t\t\t<\/a>\n\t\t\t\t\t\t\t<a class=\"e-gallery-item elementor-gallery-item elementor-animated-content\" href=\"https:\/\/junqueiraodontologia.com.br\/home\/wp-content\/uploads\/2025\/07\/DSC00611-2-scaled-1.jpg\" data-elementor-open-lightbox=\"yes\" data-elementor-lightbox-slideshow=\"9996110\" data-elementor-lightbox-title=\"DSC00611-2-scaled\" data-e-action-hash=\"#elementor-action%3Aaction%3Dlightbox%26settings%3DeyJpZCI6Mzg3LCJ1cmwiOiJodHRwczpcL1wvanVucXVlaXJhb2RvbnRvbG9naWEuY29tLmJyXC9ob21lXC93cC1jb250ZW50XC91cGxvYWRzXC8yMDI1XC8wN1wvRFNDMDA2MTEtMi1zY2FsZWQtMS5qcGciLCJzbGlkZXNob3ciOiI5OTk2MTEwIn0%3D\">\n\t\t\t\t\t<div class=\"e-gallery-image elementor-gallery-item__image\" data-thumbnail=\"https:\/\/junqueiraodontologia.com.br\/home\/wp-content\/uploads\/2025\/07\/DSC00611-2-scaled-1-300x200.jpg\" data-width=\"300\" data-height=\"200\" aria-label=\"\" role=\"img\" ><\/div>\n\t\t\t\t\t\t\t\t\t\t\t<div class=\"elementor-gallery-item__overlay\"><\/div>\n\t\t\t\t\t\t\t\t\t\t\t\t\t\t<\/a>\n\t\t\t\t\t<\/div>\n\t\t\t\t\t<\/div>\n\t\t\t\t<\/div>\n\t\t\t\t\t<\/div>\n\t\t<\/div>\n\t\t\t\t\t<\/div>\n\t\t<\/section>\n\t\t\t\t<\/div>\n\t\t","protected":false},"excerpt":{"rendered":"<p>&nbsp;Odontologia Humana e Multidisciplinar Atendimento na especialidade de&nbsp;Implantodontia, realizando tratamento cl\u00ednico e cir\u00fargico, possui parceiros nas diversas \u00e1reas da odontologia. Experi\u00eancia em: &nbsp;Implante dental &nbsp;Enxertos \u00f3sseos &nbsp;Enxerto com L-prf &nbsp;Reabilita\u00e7\u00e3o oral (pr\u00f3teses em geral)&nbsp; &nbsp;Cl\u00ednica Geral&nbsp; &nbsp; &nbsp; Praticante de uma odontologia humanizada priorizando o que o paciente realmente necessita para sua melhor condi\u00e7\u00e3o de [&hellip;]<\/p>\n","protected":false},"author":1,"featured_media":0,"parent":0,"menu_order":0,"comment_status":"closed","ping_status":"closed","template":"","meta":{"footnotes":""},"class_list":["post-139","page","type-page","status-publish","hentry"],"_links":{"self":[{"href":"https:\/\/junqueiraodontologia.com.br\/home\/wp-json\/wp\/v2\/pages\/139","targetHints":{"allow":["GET"]}}],"collection":[{"href":"https:\/\/junqueiraodontologia.com.br\/home\/wp-json\/wp\/v2\/pages"}],"about":[{"href":"https:\/\/junqueiraodontologia.com.br\/home\/wp-json\/wp\/v2\/types\/page"}],"author":[{"embeddable":true,"href":"https:\/\/junqueiraodontologia.com.br\/home\/wp-json\/wp\/v2\/users\/1"}],"replies":[{"embeddable":true,"href":"https:\/\/junqueiraodontologia.com.br\/home\/wp-json\/wp\/v2\/comments?post=139"}],"version-history":[{"count":40,"href":"https:\/\/junqueiraodontologia.com.br\/home\/wp-json\/wp\/v2\/pages\/139\/revisions"}],"predecessor-version":[{"id":393,"href":"https:\/\/junqueiraodontologia.com.br\/home\/wp-json\/wp\/v2\/pages\/139\/revisions\/393"}],"wp:attachment":[{"href":"https:\/\/junqueiraodontologia.com.br\/home\/wp-json\/wp\/v2\/media?parent=139"}],"curies":[{"name":"wp","href":"https:\/\/api.w.org\/{rel}","templated":true}]}}