{"id":46,"date":"2022-02-27T13:41:45","date_gmt":"2022-02-27T16:41:45","guid":{"rendered":"https:\/\/junqueiraodontologia.com.br\/home\/?page_id=46"},"modified":"2025-07-03T12:59:04","modified_gmt":"2025-07-03T15:59:04","slug":"implantes-dentais","status":"publish","type":"page","link":"https:\/\/junqueiraodontologia.com.br\/home\/implantes-dentais\/","title":{"rendered":"Implantes Dentais"},"content":{"rendered":"<p>S\u00e3o estruturas feitas em tit\u00e2nio que inseridos no osso, junto com a pr\u00f3tese, rep\u00f5em a aus\u00eancia de um ou mais dentes na boca.<\/p>\n<p>Devolvendo a seguran\u00e7a ao mastigar e autoestima para o paciente.<\/p>\n<p>Aqui na Clinica com o Dr. Gabriel Junqueira voc\u00ea tem todo suporte para seu Tratamento.<\/p>\n<p>Entre em Contato &#8211; Tel.(16) 9 9634-2384<\/p>\n<div style=\"width: 800px;\" class=\"wp-video\"><video class=\"wp-video-shortcode\" id=\"video-46-1\" width=\"800\" height=\"450\" poster=\"http:\/\/junqueiraodontologia.com.br\/home\/wp-content\/uploads\/2025\/06\/fluxo-digital-scaled.jpg\" preload=\"metadata\" controls=\"controls\"><source type=\"video\/mp4\" src=\"http:\/\/junqueiraodontologia.com.br\/home\/wp-content\/uploads\/2025\/06\/oque-e-fluxo-digital.mp4?_=1\" \/><a href=\"http:\/\/junqueiraodontologia.com.br\/home\/wp-content\/uploads\/2025\/06\/oque-e-fluxo-digital.mp4\">http:\/\/junqueiraodontologia.com.br\/home\/wp-content\/uploads\/2025\/06\/oque-e-fluxo-digital.mp4<\/a><\/video><\/div>\n<p>&nbsp;<\/p>\n<p><a href=\"https:\/\/junqueiraodontologia.com.br\/home\/wp-content\/uploads\/2022\/03\/implantes.jpg\" data-elementor-lightbox-slideshow=\"all\"><br \/>\n<\/a><br \/>\n<a href=\"https:\/\/junqueiraodontologia.com.br\/home\/wp-content\/uploads\/2022\/03\/implantes2.jpg\" data-elementor-lightbox-slideshow=\"all\"><br \/>\n<\/a><br \/>\n<a href=\"https:\/\/junqueiraodontologia.com.br\/home\/wp-content\/uploads\/2022\/03\/implantes3.jpg\" data-elementor-lightbox-slideshow=\"all\"><br \/>\n<\/a><\/p>\n","protected":false},"excerpt":{"rendered":"<p>S\u00e3o estruturas feitas em tit\u00e2nio que inseridos no osso, junto com a pr\u00f3tese, rep\u00f5em a aus\u00eancia de um ou mais dentes na boca. Devolvendo a seguran\u00e7a ao mastigar e autoestima para o paciente. Aqui na Clinica com o Dr. Gabriel Junqueira voc\u00ea tem todo suporte para seu Tratamento. Entre em Contato &#8211; Tel.(16) 9 9634-2384 [&hellip;]<\/p>\n","protected":false},"author":1,"featured_media":0,"parent":0,"menu_order":0,"comment_status":"closed","ping_status":"closed","template":"","meta":{"footnotes":""},"class_list":["post-46","page","type-page","status-publish","hentry"],"_links":{"self":[{"href":"https:\/\/junqueiraodontologia.com.br\/home\/wp-json\/wp\/v2\/pages\/46","targetHints":{"allow":["GET"]}}],"collection":[{"href":"https:\/\/junqueiraodontologia.com.br\/home\/wp-json\/wp\/v2\/pages"}],"about":[{"href":"https:\/\/junqueiraodontologia.com.br\/home\/wp-json\/wp\/v2\/types\/page"}],"author":[{"embeddable":true,"href":"https:\/\/junqueiraodontologia.com.br\/home\/wp-json\/wp\/v2\/users\/1"}],"replies":[{"embeddable":true,"href":"https:\/\/junqueiraodontologia.com.br\/home\/wp-json\/wp\/v2\/comments?post=46"}],"version-history":[{"count":18,"href":"https:\/\/junqueiraodontologia.com.br\/home\/wp-json\/wp\/v2\/pages\/46\/revisions"}],"predecessor-version":[{"id":394,"href":"https:\/\/junqueiraodontologia.com.br\/home\/wp-json\/wp\/v2\/pages\/46\/revisions\/394"}],"wp:attachment":[{"href":"https:\/\/junqueiraodontologia.com.br\/home\/wp-json\/wp\/v2\/media?parent=46"}],"curies":[{"name":"wp","href":"https:\/\/api.w.org\/{rel}","templated":true}]}}