{"id":48,"date":"2022-02-27T13:41:59","date_gmt":"2022-02-27T16:41:59","guid":{"rendered":"https:\/\/junqueiraodontologia.com.br\/home\/?page_id=48"},"modified":"2025-07-03T12:59:45","modified_gmt":"2025-07-03T15:59:45","slug":"clinica-geral","status":"publish","type":"page","link":"https:\/\/junqueiraodontologia.com.br\/home\/clinica-geral\/","title":{"rendered":"Cl\u00ednica Geral"},"content":{"rendered":"<p style=\"text-align: left;\">Parte da odontologia que envolve tratamentos b\u00e1sicos como limpeza,<\/p>\n<p style=\"text-align: left;\">restaura\u00e7\u00e3o, clareamento, remo\u00e7\u00e3o de dentes.<\/p>\n<p style=\"text-align: left;\">Aqui na Clinica com o Dr. Gabriel Junqueira voc\u00ea tem todo suporte para seu Tratamento.<\/p>\n<p style=\"text-align: left;\">Entre em Contato &#8211; Tel.(16) 9 9634-2384<\/p>\n<p style=\"text-align: left;\"><strong>Confira alguns Casos<\/strong><\/p>\n<p><img fetchpriority=\"high\" decoding=\"async\" class=\"alignnone size-medium wp-image-185\" src=\"http:\/\/junqueiraodontologia.com.br\/home\/wp-content\/uploads\/2022\/03\/Clinica-Geral3-300x169.jpg\" alt=\"\" width=\"300\" height=\"169\" srcset=\"https:\/\/junqueiraodontologia.com.br\/home\/wp-content\/uploads\/2022\/03\/Clinica-Geral3-300x169.jpg 300w, https:\/\/junqueiraodontologia.com.br\/home\/wp-content\/uploads\/2022\/03\/Clinica-Geral3-1024x576.jpg 1024w, https:\/\/junqueiraodontologia.com.br\/home\/wp-content\/uploads\/2022\/03\/Clinica-Geral3-768x432.jpg 768w, https:\/\/junqueiraodontologia.com.br\/home\/wp-content\/uploads\/2022\/03\/Clinica-Geral3-1536x864.jpg 1536w, https:\/\/junqueiraodontologia.com.br\/home\/wp-content\/uploads\/2022\/03\/Clinica-Geral3.jpg 1600w\" sizes=\"(max-width: 300px) 100vw, 300px\" \/> <img decoding=\"async\" class=\"alignnone size-medium wp-image-247\" src=\"http:\/\/junqueiraodontologia.com.br\/home\/wp-content\/uploads\/2022\/06\/restauracao-300x169.jpg\" alt=\"\" width=\"300\" height=\"169\" srcset=\"https:\/\/junqueiraodontologia.com.br\/home\/wp-content\/uploads\/2022\/06\/restauracao-300x169.jpg 300w, https:\/\/junqueiraodontologia.com.br\/home\/wp-content\/uploads\/2022\/06\/restauracao-1024x576.jpg 1024w, https:\/\/junqueiraodontologia.com.br\/home\/wp-content\/uploads\/2022\/06\/restauracao-768x432.jpg 768w, https:\/\/junqueiraodontologia.com.br\/home\/wp-content\/uploads\/2022\/06\/restauracao-1536x864.jpg 1536w, https:\/\/junqueiraodontologia.com.br\/home\/wp-content\/uploads\/2022\/06\/restauracao.jpg 1600w\" sizes=\"(max-width: 300px) 100vw, 300px\" \/><br \/>\n<a href=\"https:\/\/junqueiraodontologia.com.br\/home\/wp-content\/uploads\/2022\/03\/Clinica-Geral.jpg\" data-elementor-lightbox-slideshow=\"all\"><br \/>\n<\/a><br \/>\n<a href=\"https:\/\/junqueiraodontologia.com.br\/home\/wp-content\/uploads\/2022\/03\/Clinica-Geral3.jpg\" data-elementor-lightbox-slideshow=\"all\"><br \/>\n<\/a><\/p>\n","protected":false},"excerpt":{"rendered":"<p>Parte da odontologia que envolve tratamentos b\u00e1sicos como limpeza, restaura\u00e7\u00e3o, clareamento, remo\u00e7\u00e3o de dentes. Aqui na Clinica com o Dr. Gabriel Junqueira voc\u00ea tem todo suporte para seu Tratamento. Entre em Contato &#8211; Tel.(16) 9 9634-2384 Confira alguns Casos<\/p>\n","protected":false},"author":1,"featured_media":0,"parent":0,"menu_order":0,"comment_status":"closed","ping_status":"closed","template":"","meta":{"footnotes":""},"class_list":["post-48","page","type-page","status-publish","hentry"],"_links":{"self":[{"href":"https:\/\/junqueiraodontologia.com.br\/home\/wp-json\/wp\/v2\/pages\/48","targetHints":{"allow":["GET"]}}],"collection":[{"href":"https:\/\/junqueiraodontologia.com.br\/home\/wp-json\/wp\/v2\/pages"}],"about":[{"href":"https:\/\/junqueiraodontologia.com.br\/home\/wp-json\/wp\/v2\/types\/page"}],"author":[{"embeddable":true,"href":"https:\/\/junqueiraodontologia.com.br\/home\/wp-json\/wp\/v2\/users\/1"}],"replies":[{"embeddable":true,"href":"https:\/\/junqueiraodontologia.com.br\/home\/wp-json\/wp\/v2\/comments?post=48"}],"version-history":[{"count":9,"href":"https:\/\/junqueiraodontologia.com.br\/home\/wp-json\/wp\/v2\/pages\/48\/revisions"}],"predecessor-version":[{"id":395,"href":"https:\/\/junqueiraodontologia.com.br\/home\/wp-json\/wp\/v2\/pages\/48\/revisions\/395"}],"wp:attachment":[{"href":"https:\/\/junqueiraodontologia.com.br\/home\/wp-json\/wp\/v2\/media?parent=48"}],"curies":[{"name":"wp","href":"https:\/\/api.w.org\/{rel}","templated":true}]}}