{"id":50,"date":"2022-02-27T13:43:18","date_gmt":"2022-02-27T16:43:18","guid":{"rendered":"https:\/\/junqueiraodontologia.com.br\/home\/?page_id=50"},"modified":"2025-07-03T12:50:06","modified_gmt":"2025-07-03T15:50:06","slug":"reabilitacao-oral","status":"publish","type":"page","link":"https:\/\/junqueiraodontologia.com.br\/home\/reabilitacao-oral\/","title":{"rendered":"Reabilita\u00e7\u00e3o Oral"},"content":{"rendered":"<p>\u00c9 a parte da odontologia que corrige a aus\u00eancia<\/p>\n<p>ou falta de estrutura dos dentes na boca.<\/p>\n<p>Aqui na Clinica com o Dr. Gabriel Junqueira voc\u00ea tem todo suporte para seu Tratamento.<\/p>\n<p>Entre em Contato &#8211; Tel.(16) 9 9634-2384<\/p>\n<p>&nbsp;<\/p>\n<div style=\"width: 800px;\" class=\"wp-video\"><video class=\"wp-video-shortcode\" id=\"video-50-1\" width=\"800\" height=\"450\" poster=\"http:\/\/junqueiraodontologia.com.br\/home\/wp-content\/uploads\/2025\/06\/fluxo-digital-scaled.jpg\" preload=\"metadata\" controls=\"controls\"><source type=\"video\/mp4\" src=\"http:\/\/junqueiraodontologia.com.br\/home\/wp-content\/uploads\/2025\/06\/oque-e-fluxo-digital.mp4?_=1\" \/><a href=\"http:\/\/junqueiraodontologia.com.br\/home\/wp-content\/uploads\/2025\/06\/oque-e-fluxo-digital.mp4\">http:\/\/junqueiraodontologia.com.br\/home\/wp-content\/uploads\/2025\/06\/oque-e-fluxo-digital.mp4<\/a><\/video><\/div>\n<p><a href=\"https:\/\/junqueiraodontologia.com.br\/home\/wp-content\/uploads\/2022\/03\/reabilita\u00e7\u00e3o-oral.jpg\" data-elementor-lightbox-slideshow=\"all\"><br \/>\n<\/a><br \/>\n<a href=\"https:\/\/junqueiraodontologia.com.br\/home\/wp-content\/uploads\/2022\/03\/reabilita\u00e7\u00e3o-oral2.jpg\" data-elementor-lightbox-slideshow=\"all\"><br \/>\n<\/a><br \/>\n<a href=\"https:\/\/junqueiraodontologia.com.br\/home\/wp-content\/uploads\/2022\/03\/reabilita\u00e7\u00e3o-oral3.jpg\" data-elementor-lightbox-slideshow=\"all\"><br \/>\n<\/a><\/p>\n","protected":false},"excerpt":{"rendered":"<p>\u00c9 a parte da odontologia que corrige a aus\u00eancia ou falta de estrutura dos dentes na boca. Aqui na Clinica com o Dr. Gabriel Junqueira voc\u00ea tem todo suporte para seu Tratamento. Entre em Contato &#8211; Tel.(16) 9 9634-2384 &nbsp;<\/p>\n","protected":false},"author":1,"featured_media":0,"parent":0,"menu_order":0,"comment_status":"closed","ping_status":"closed","template":"","meta":{"footnotes":""},"class_list":["post-50","page","type-page","status-publish","hentry"],"_links":{"self":[{"href":"https:\/\/junqueiraodontologia.com.br\/home\/wp-json\/wp\/v2\/pages\/50","targetHints":{"allow":["GET"]}}],"collection":[{"href":"https:\/\/junqueiraodontologia.com.br\/home\/wp-json\/wp\/v2\/pages"}],"about":[{"href":"https:\/\/junqueiraodontologia.com.br\/home\/wp-json\/wp\/v2\/types\/page"}],"author":[{"embeddable":true,"href":"https:\/\/junqueiraodontologia.com.br\/home\/wp-json\/wp\/v2\/users\/1"}],"replies":[{"embeddable":true,"href":"https:\/\/junqueiraodontologia.com.br\/home\/wp-json\/wp\/v2\/comments?post=50"}],"version-history":[{"count":10,"href":"https:\/\/junqueiraodontologia.com.br\/home\/wp-json\/wp\/v2\/pages\/50\/revisions"}],"predecessor-version":[{"id":382,"href":"https:\/\/junqueiraodontologia.com.br\/home\/wp-json\/wp\/v2\/pages\/50\/revisions\/382"}],"wp:attachment":[{"href":"https:\/\/junqueiraodontologia.com.br\/home\/wp-json\/wp\/v2\/media?parent=50"}],"curies":[{"name":"wp","href":"https:\/\/api.w.org\/{rel}","templated":true}]}}